{"id":16,"date":"2014-03-26T22:15:08","date_gmt":"2014-03-26T22:15:08","guid":{"rendered":"http:\/\/its-conf.org\/2014\/?page_id=16"},"modified":"2019-05-15T12:23:37","modified_gmt":"2019-05-15T12:23:37","slug":"committees","status":"publish","type":"page","link":"https:\/\/bigdaci.org\/oldconferences\/2019\/committees\/","title":{"rendered":"Committees"},"content":{"rendered":"<p><strong>Program Chair<\/strong><\/p>\n<p>Ajith P. Abraham, Machine Intelligence Research Labs (MIR Labs), USA<\/p>\n<p><strong>\u00a0<\/strong><\/p>\n<p><strong>MCCSIS General Conference Co-Chairs<\/strong><\/p>\n<p>Piet Kommers, University of Twente, The Netherlands<\/p>\n<p>Pedro Isaias, The University of Queensland, Australia<\/p>\n<p>&nbsp;<\/p>\n<p><strong>Local Organising Chair<\/strong><\/p>\n<p>Bertil Marques,\u00a0<span class=\"m_-8914400839264340754gmail-caps\">ISEP<\/span>, Portugal<\/p>\n<p>&nbsp;<\/p>\n<p><strong>Committee Members\u00a0<\/strong><\/p>\n<p>Abdel-badeeh Salem, Ain Shams University, Egypt<br \/>\nAgapito Ledezma, Universidad Carlos III De Madrid, Spain<br \/>\nAlessandro Giuliani, University Of Cagliari, Italy<br \/>\nAlexander Gelbukh, Instituto Polit\u00e9cnico Nacional, Mexico<br \/>\nAlla Anohina-Naumeca, Riga Technical University, Latvia<br \/>\nAmbra Molesini, Universit\u00e0 Di Bologna, Italy<br \/>\nAndrei Olaru, University Politehnica of Bucharest, Romania<br \/>\nAndres Castillo, Pontificial University Of Salamanca, Spain<br \/>\nAnirban Kundu, West Bengal University Of Technology, India<br \/>\nArchil Maysuradze, Lomonosov Moscow State University, Russia<br \/>\nAudrone Lupeikiene, VU Institute Of Data Science and Digital Technolog, Lithuania<br \/>\nBoris Kovalerchuk, Central Washington University, USA<br \/>\nCarson K. Leung, University of Manitoba, Canada<br \/>\nChristos Kalloniatis, University Of The Aegean, Greece<br \/>\nChristos Makris, University Of Patras, Greece<br \/>\nCostin Badica, University Of Craiova, Romania<br \/>\nDaniel Pop, University Of The West Timisoara, Romania<br \/>\nDaniela Briola, Universit\u00e0 Degli Studi Di Milano Bicocca, Italy<br \/>\nDaniela Zaharie, Uvt, Romania<br \/>\nDariusz Krol, Wroc\u0142aw University of Science and Technology, Poland<br \/>\nDavid Pelta, Universidad de Granada, Spain<br \/>\nDickson Chiu, The University of Hong Kong, Hong Kong<br \/>\nDomenico Talia, Universit\u00e0 della Calabria, Italy<br \/>\nDora Souliou, National Technical University Of Athens, Greece<br \/>\nEfstathios Stamatatos, University Of The Aegean, Greece<br \/>\nFikret Gurgen, Bogazici University, Turkey<br \/>\nFilippo Sciarrone, Open Informatica,, Italy<br \/>\nFrancesco Folino, ICAR-CNR, Italy<br \/>\nFranck Gechter, Universit\u00e9 De Technologie De Belfort-montb\u00e9liard, France<br \/>\nGeorge Tambouratzis, Institute For Language And Speech Processing, Greece<br \/>\nGerard Murray, The Edge Group Pty Ltd and Seventeen-29, Australia<br \/>\nGerasimos Antzoulatos, Information Technologies Institute, Greece<br \/>\nGianni Costa, Icar-cnr, Italy<br \/>\nHoria-Nicolai Teodorescu, Technical University Of Iasi, Romania<br \/>\nIgor Bernik, University Of Maribor, Slovenia<br \/>\nIgor Kotenko, Russian Academy Of Sciences, Russian Federation<br \/>\nI-Hsien Ting, Kaohsiung University, Taiwan<br \/>\nIrina Mocanu, University Politehnica Of Bucharest, Romania<br \/>\nIvan Izonin, Lviv Polytechnic National University, Ukraine<br \/>\nJanusz Kacprzyk, Polish Academy Of Sciences, Poland<br \/>\nJoergen Villadsen, Technical University of Denmark, Denmark<br \/>\nJorge Adolfo Ram\u00edrez Uresti, Tecnologico de Monterrey, Mexico<br \/>\nJose Molina Lopez, Universidad Carlos Iii De Madrid, Spain<br \/>\nJose Luis Verdegay, University of Granada, Spain<br \/>\nJustin Dauwels, Nanyang Technological University, Singapore<br \/>\nKauser Ahmed, Vit University, India<br \/>\nKi Chan, Hong Kong University Of Science And Technology, Hong Kong<br \/>\nLeonardo Garrido, Tecnologico De Monterrey, Mexico<br \/>\nLuca Cagliero, Politecnico Di Torino, Italy<br \/>\nMarco Villani, University Of Modena And Reggio Emilia, Italy<br \/>\nMaria Salamo Llorente, Universitat de Barcelona, Spain<br \/>\nMar\u00eda de los Angeles Constantino-Gonz\u00e1lez, Tecnologico De Monterrey, Mexico<br \/>\nMarian Cristian Mihaescu , University Of Craiova, Romania<br \/>\nMaricela Quintana, Centro Universitario UAEM Valle de M\u00e9xico, Mexico<br \/>\nMario Koeppen, Kyutech, Japan<br \/>\nMarius Silaghi, Florida Institute Of Technology, USA<br \/>\nMartin Drlik, Constantine The Philosopher University In Nitra, Slovakia<br \/>\nMatteo Casadei, Alma Mater Studiorum &#8211; Universit\u00e0 Di Bologna, Italy<br \/>\nMichael Vassilakopoulos, University of Thessaly, Greece<br \/>\nMillion Meshesha, Addis Ababa University, Ethiopia<br \/>\nNicholas B\u00e9liz Osorio, Universidad Tecnol\u00f3gica de Panam\u00e1, Panam\u00e1<br \/>\nNina Rizun, Gdansk University of Technology, Poland<br \/>\nPanayiotis Bozanis, University Of Thessaly, Greece<br \/>\nPaolo Garza, Politecnico di Torino, Italy<br \/>\nPatrizia Ribino, Consiglio Nazionale Delle Ricerche &#8211; Istituto Di C, Italy<br \/>\nPavel Osipov, Riga Technical University, Latvia<br \/>\nPrabhat Mahanti, University Of New Brunswick, Canada<br \/>\nRafael Leon, Universidad Polit\u00e9cnica De Madrid, Spain<br \/>\nRiccardo Ortale, Icar-cnr, Italy<br \/>\nRobert Leskovar, University Of Maribor, Slovenia<br \/>\nSilvia Parusheva, University of Economics &#8211; Varna, Bulgaria<br \/>\nSviatoslav Braynov, University Of Illinois, USA<br \/>\nTao Ban, National Institute Of Information And Communicatio, Japan<br \/>\nTatiana Tambouratzis, University Of Piraeus, Greece<br \/>\nTjeerd Olde Scheper, Oxford Brookes University, United Kingdom<br \/>\nTomonobu Ozaki, Nihon University, Japan<br \/>\nVincent Hilaire, Universit\u00e9 De Technologie De Belfort-montbeliard, France<br \/>\nViorel Negru, West University of Timisoara, Romania<br \/>\nWai-keung Fung, Robert Gordon University, United Kingdom<br \/>\nZahid Akhtar, University Of Memphis, USA<br \/>\nZeev Volkovich, Ort Braude College, Israel<\/p>\n<p>&nbsp;<\/p>\n","protected":false},"excerpt":{"rendered":"<p>Program Chair Ajith P. Abraham, Machine Intelligence Research Labs (MIR Labs), USA \u00a0 MCCSIS General Conference Co-Chairs Piet Kommers, University of Twente, The Netherlands Pedro Isaias, The University of Queensland, Australia &nbsp; Local Organising Chair Bertil Marques,\u00a0ISEP, Portugal &nbsp; Committee Members\u00a0 Abdel-badeeh Salem, Ain Shams University, Egypt Agapito Ledezma, Universidad Carlos III De Madrid, Spain <a class=\"more-link\" href=\"https:\/\/bigdaci.org\/oldconferences\/2019\/committees\/\">Continue reading <i class=\"fa fa-chevron-right\"><\/i><\/a><\/p>\n","protected":false},"author":1,"featured_media":0,"parent":0,"menu_order":0,"comment_status":"closed","ping_status":"closed","template":"","meta":{"footnotes":""},"_links":{"self":[{"href":"https:\/\/bigdaci.org\/oldconferences\/2019\/wp-json\/wp\/v2\/pages\/16"}],"collection":[{"href":"https:\/\/bigdaci.org\/oldconferences\/2019\/wp-json\/wp\/v2\/pages"}],"about":[{"href":"https:\/\/bigdaci.org\/oldconferences\/2019\/wp-json\/wp\/v2\/types\/page"}],"author":[{"embeddable":true,"href":"https:\/\/bigdaci.org\/oldconferences\/2019\/wp-json\/wp\/v2\/users\/1"}],"replies":[{"embeddable":true,"href":"https:\/\/bigdaci.org\/oldconferences\/2019\/wp-json\/wp\/v2\/comments?post=16"}],"version-history":[{"count":54,"href":"https:\/\/bigdaci.org\/oldconferences\/2019\/wp-json\/wp\/v2\/pages\/16\/revisions"}],"predecessor-version":[{"id":1240,"href":"https:\/\/bigdaci.org\/oldconferences\/2019\/wp-json\/wp\/v2\/pages\/16\/revisions\/1240"}],"wp:attachment":[{"href":"https:\/\/bigdaci.org\/oldconferences\/2019\/wp-json\/wp\/v2\/media?parent=16"}],"curies":[{"name":"wp","href":"https:\/\/api.w.org\/{rel}","templated":true}]}}