{"id":26,"date":"2014-03-26T22:17:46","date_gmt":"2014-03-26T22:17:46","guid":{"rendered":"http:\/\/its-conf.org\/2014\/?page_id=26"},"modified":"2019-02-11T14:59:20","modified_gmt":"2019-02-11T14:59:20","slug":"location","status":"publish","type":"page","link":"https:\/\/bigdaci.org\/oldconferences\/2019\/location\/","title":{"rendered":"Location"},"content":{"rendered":"<div class=\"entry-content\">\n<p style=\"text-align: center;\">The conference will be held in Instituto Superior de Engenharia do Porto, Porto, Portugal.<\/p>\n<p style=\"text-align: center;\">Instituto Superior de Engenharia do Porto<br \/>\nRua Dr. Ant\u00f3nio Bernardino de Almeida, 431<br \/>\n4249-015 Porto<br \/>\nPortugal<\/p>\n<table width=\"820\">\n<tbody>\n<tr>\n<td><a href=\"http:\/\/ict-conf.org\/wp-content\/uploads\/2019\/02\/porto3.jpg\"><img loading=\"lazy\" decoding=\"async\" class=\"size-medium wp-image-1198 aligncenter\" src=\"http:\/\/ict-conf.org\/wp-content\/uploads\/2019\/02\/porto3-300x171.jpg\" alt=\"porto3\" width=\"300\" height=\"171\" \/><\/a><a href=\"http:\/\/mccsis.org\/wp-content\/uploads\/2019\/02\/porto3.jpg\"><br \/>\n<\/a><\/td>\n<td><a href=\"http:\/\/ict-conf.org\/wp-content\/uploads\/2019\/02\/porto2.jpg\"><img loading=\"lazy\" decoding=\"async\" class=\"size-medium wp-image-1197 alignleft\" src=\"http:\/\/ict-conf.org\/wp-content\/uploads\/2019\/02\/porto2-300x157.jpg\" alt=\"porto2\" width=\"300\" height=\"157\" \/><\/a><\/td>\n<\/tr>\n<\/tbody>\n<\/table>\n<p style=\"text-align: justify;\">Porto is synonymous with friendliness, genuineness, good food, picturesque settings and breathtaking landscapes. The city that gave its name to Portugal is one of the oldest tourist destinations in Europe and a World Cultural Heritage Site since 1996.<\/p>\n<table width=\"817\">\n<tbody>\n<tr>\n<td><a href=\"http:\/\/ict-conf.org\/wp-content\/uploads\/2019\/02\/porto_noite.jpg\"><img loading=\"lazy\" decoding=\"async\" class=\"size-medium wp-image-1195 aligncenter\" src=\"http:\/\/ict-conf.org\/wp-content\/uploads\/2019\/02\/porto_noite-300x240.jpg\" alt=\"porto_noite\" width=\"300\" height=\"240\" \/><\/a><\/td>\n<td><a href=\"http:\/\/ict-conf.org\/wp-content\/uploads\/2019\/02\/porto_ponte.jpg\"><img loading=\"lazy\" decoding=\"async\" class=\"alignnone wp-image-1196 size-full\" src=\"http:\/\/ict-conf.org\/wp-content\/uploads\/2019\/02\/porto_ponte-e1549554230286.jpg\" alt=\"porto_ponte\" width=\"360\" height=\"180\" \/><\/a><\/td>\n<\/tr>\n<\/tbody>\n<\/table>\n<p>Porto is the city of bridges and it has six different bridges: D. Maria II Bridge, Maria Pia Bridge, Lu\u00eds I Bridge, Arr\u00e1bida Bridge, S. Jo\u00e3o Bridge, and Freixo Bridge.<\/p>\n<table width=\"796\">\n<tbody>\n<tr>\n<td><a href=\"http:\/\/ict-conf.org\/wp-content\/uploads\/2019\/02\/catedral.jpg\"><img loading=\"lazy\" decoding=\"async\" class=\"size-medium wp-image-1189 aligncenter\" src=\"http:\/\/ict-conf.org\/wp-content\/uploads\/2019\/02\/catedral-300x200.jpg\" alt=\"catedral\" width=\"300\" height=\"200\" \/><\/a><a href=\"http:\/\/mccsis.org\/wp-content\/uploads\/2019\/02\/catedral.jpg\"><br \/>\n<\/a><\/td>\n<td><a href=\"http:\/\/ict-conf.org\/wp-content\/uploads\/2019\/02\/Palacio_Bolsa.jpg\"><img loading=\"lazy\" decoding=\"async\" class=\"alignnone size-medium wp-image-1193\" src=\"http:\/\/ict-conf.org\/wp-content\/uploads\/2019\/02\/Palacio_Bolsa-300x200.jpg\" alt=\"Palacio_Bolsa\" width=\"300\" height=\"200\" \/><\/a><\/td>\n<\/tr>\n<\/tbody>\n<\/table>\n<p>Porto has an Unesco classified area that comprises the medieval borough located inside the 14th-century Romanesque wall. It includes the oldest buildings in the city, as well as typical streets and attractive public areas.<\/p>\n<p style=\"text-align: justify;\"><a href=\"http:\/\/ict-conf.org\/wp-content\/uploads\/2019\/02\/23-streets02.jpg\"><img loading=\"lazy\" decoding=\"async\" class=\"wp-image-1188 size-full aligncenter\" src=\"http:\/\/ict-conf.org\/wp-content\/uploads\/2019\/02\/23-streets02-e1549554377460.jpg\" alt=\"23-streets02\" width=\"600\" height=\"223\" \/><\/a><\/p>\n<p style=\"text-align: justify;\">Along the river and the sea, Porto welcomes us with its narrow streets, its buildings covered in tiles, its character and personality, its customs and strong accent. Whilst maintaining its welcoming and conservative nature, the city is, at the same time, contemporary and creative. Icons such as Torre dos Cl\u00e9rigos, Serralves and Casa da M\u00fasica are in an area where the old and the modern merge to create the unique identity that characterizes the city. Those who visit must savour its gastronomy: Francesinha, Tripas and the famous Port Wine are the perfect complement.<\/p>\n<table width=\"762\">\n<tbody>\n<tr>\n<td><a href=\"http:\/\/ict-conf.org\/wp-content\/uploads\/2019\/02\/Torre_clerigos.jpg\"><img loading=\"lazy\" decoding=\"async\" class=\"size-medium wp-image-1201 aligncenter\" src=\"http:\/\/ict-conf.org\/wp-content\/uploads\/2019\/02\/Torre_clerigos-218x300.jpg\" alt=\"Torre_clerigos\" width=\"218\" height=\"300\" \/><\/a><\/td>\n<td><a href=\"http:\/\/ict-conf.org\/wp-content\/uploads\/2019\/02\/lello.jpg\"><img loading=\"lazy\" decoding=\"async\" class=\"alignnone size-medium wp-image-1192\" src=\"http:\/\/ict-conf.org\/wp-content\/uploads\/2019\/02\/lello-192x300.jpg\" alt=\"lello\" width=\"192\" height=\"300\" \/><\/a><\/td>\n<\/tr>\n<\/tbody>\n<\/table>\n<p style=\"text-align: justify;\">Port Wine is a sweet fortified wine, exclusively produced in the Douro designated region, named after the city of Porto, where it is aged and bottled. Its unmistakable bouquet, body and flavour are due to the high quality of the grapes, as well as to the region\u2019s soil and climatic conditions.\u200b<\/p>\n<table width=\"747\">\n<tbody>\n<tr>\n<td><a href=\"http:\/\/ict-conf.org\/wp-content\/uploads\/2019\/02\/rabelos.jpg\"><img loading=\"lazy\" decoding=\"async\" class=\"size-medium wp-image-1199 aligncenter\" src=\"http:\/\/ict-conf.org\/wp-content\/uploads\/2019\/02\/rabelos-300x107.jpg\" alt=\"rabelos\" width=\"300\" height=\"107\" \/><\/a><\/td>\n<td><a href=\"http:\/\/ict-conf.org\/wp-content\/uploads\/2019\/02\/caves_porto.jpg\"><img loading=\"lazy\" decoding=\"async\" class=\"alignnone size-medium wp-image-1190 aligncenter\" src=\"http:\/\/ict-conf.org\/wp-content\/uploads\/2019\/02\/caves_porto-300x100.jpg\" alt=\"caves_porto\" width=\"300\" height=\"100\" \/><\/a><\/td>\n<\/tr>\n<\/tbody>\n<\/table>\n<p style=\"text-align: justify;\">Getting to know Porto is to dive in its streets without fear of getting lost, which it never happens: no matter whom we ask the way, there is always someone willing to help. The \u201cCidade Invicta\u201d (Unvanquished City) is much more than its monuments, museums, sites or cuisine: it is that familiar feeling around every corner, the cosiness of feeling at home and the joy of being welcomed as part of the family.<\/p>\n<p>Porto is more than just a city, is its people!<\/p>\n<\/div>\n<table width=\"810\">\n<tbody>\n<tr>\n<td><a href=\"http:\/\/ict-conf.org\/wp-content\/uploads\/2019\/02\/Porto.jpg\"><img loading=\"lazy\" decoding=\"async\" class=\"alignnone size-medium wp-image-1194 aligncenter\" src=\"http:\/\/ict-conf.org\/wp-content\/uploads\/2019\/02\/Porto-300x168.jpg\" alt=\"Porto\" width=\"300\" height=\"168\" \/><\/a><\/td>\n<td><a href=\"http:\/\/ict-conf.org\/wp-content\/uploads\/2019\/02\/ribeira.jpg\"><img loading=\"lazy\" decoding=\"async\" class=\"size-medium wp-image-1200 alignleft\" src=\"http:\/\/ict-conf.org\/wp-content\/uploads\/2019\/02\/ribeira-300x200.jpg\" alt=\"ribeira\" width=\"300\" height=\"200\" \/><\/a><\/td>\n<\/tr>\n<\/tbody>\n<\/table>\n<div class=\"entry-content\">\n<p>Check\u00a0below the tourism brochure with more essential information to visit the city.<\/p>\n<p><a href=\"http:\/\/mccsis.org\/wp-content\/uploads\/2019\/02\/Porto-City-Break-EN.pdf\"><img loading=\"lazy\" decoding=\"async\" class=\"aligncenter wp-image-1187 size-medium\" src=\"http:\/\/ict-conf.org\/wp-content\/uploads\/2019\/02\/capa_brochura_Porto-209x300.jpg\" alt=\"capa_brochura_Porto\" width=\"209\" height=\"300\" \/><\/a><\/p>\n<\/div>\n<p>&nbsp;<\/p>\n<div class=\"entry-content\">\n<p><strong>Useful links:\u00a0<\/strong><\/p>\n<p>http:\/\/www.visitporto.travel\/Visitar\/Paginas\/default.aspx<\/p>\n<\/div>\n","protected":false},"excerpt":{"rendered":"<p>The conference will be held in Instituto Superior de Engenharia do Porto, Porto, Portugal. Instituto Superior de Engenharia do Porto Rua Dr. Ant\u00f3nio Bernardino de Almeida, 431 4249-015 Porto Portugal Porto is synonymous with friendliness, genuineness, good food, picturesque settings and breathtaking landscapes. The city that gave its name to Portugal is one of the <a class=\"more-link\" href=\"https:\/\/bigdaci.org\/oldconferences\/2019\/location\/\">Continue reading <i class=\"fa fa-chevron-right\"><\/i><\/a><\/p>\n","protected":false},"author":1,"featured_media":0,"parent":0,"menu_order":0,"comment_status":"closed","ping_status":"closed","template":"","meta":{"footnotes":""},"_links":{"self":[{"href":"https:\/\/bigdaci.org\/oldconferences\/2019\/wp-json\/wp\/v2\/pages\/26"}],"collection":[{"href":"https:\/\/bigdaci.org\/oldconferences\/2019\/wp-json\/wp\/v2\/pages"}],"about":[{"href":"https:\/\/bigdaci.org\/oldconferences\/2019\/wp-json\/wp\/v2\/types\/page"}],"author":[{"embeddable":true,"href":"https:\/\/bigdaci.org\/oldconferences\/2019\/wp-json\/wp\/v2\/users\/1"}],"replies":[{"embeddable":true,"href":"https:\/\/bigdaci.org\/oldconferences\/2019\/wp-json\/wp\/v2\/comments?post=26"}],"version-history":[{"count":32,"href":"https:\/\/bigdaci.org\/oldconferences\/2019\/wp-json\/wp\/v2\/pages\/26\/revisions"}],"predecessor-version":[{"id":1206,"href":"https:\/\/bigdaci.org\/oldconferences\/2019\/wp-json\/wp\/v2\/pages\/26\/revisions\/1206"}],"wp:attachment":[{"href":"https:\/\/bigdaci.org\/oldconferences\/2019\/wp-json\/wp\/v2\/media?parent=26"}],"curies":[{"name":"wp","href":"https:\/\/api.w.org\/{rel}","templated":true}]}}