{"id":16,"date":"2014-03-26T22:15:08","date_gmt":"2014-03-26T22:15:08","guid":{"rendered":"http:\/\/its-conf.org\/2014\/?page_id=16"},"modified":"2023-05-11T09:17:56","modified_gmt":"2023-05-11T09:17:56","slug":"committees","status":"publish","type":"page","link":"https:\/\/bigdaci.org\/oldconferences\/2023\/committees\/","title":{"rendered":"Committees"},"content":{"rendered":"<p><strong>Program Chair<\/strong><\/p>\n<p>Ajith P. Abraham, Machine Intelligence Research Labs (MIR Labs), USA<\/p>\n<p><strong>\u00a0<\/strong><\/p>\n<p><strong>MCCSIS General Conference Co-Chairs<\/strong><\/p>\n<p>Piet Kommers, University of Twente, The Netherlands<\/p>\n<p>Pedro Isaias, The University of New South Wales (UNSW \u2013 Sydney), Australia<\/p>\n<p>&nbsp;<\/p>\n<p><strong>Committee Members*<\/strong><\/p>\n<p>Adina Florea, University Politehnica of Bucharest, Romania<br \/>\nAlessandro Giuliani, University of Cagliari, Italy<br \/>\nAmine Chohra, Images Signals and Intelligent Laboratory, France<br \/>\nAnand Nayyar, School Of Computer Science, Duy Tan University, Viet Nam<br \/>\nAndrea Manconi, Institute For Biomedical Technologies-national Res, Italy<br \/>\nAngel Moreno, University Of Alcala De Henares, Spain<br \/>\nAnirban Kundu, West Bengal University Of Technology, India<br \/>\nArchil Maysuradze, Lomonosov Moscow State University, Russia<br \/>\nArnulfo Alanis, Instituto Tecnol\u00f3gico De Tijuana, Mexico<br \/>\nAspassia Daskalopulu, University Of Thessaly, Greece<br \/>\nAudrone Lupeikiene, VU Institute Of Data Science and Digital Technology, Lithuania<br \/>\nBoris Kovalerchuk, Central Washington University, USA<br \/>\nCarson K. Leung, University of Manitoba, Canada<br \/>\nChristos Kalloniatis, University Of The Aegean, Greece<br \/>\nDariusz Krol, Wroc\u0142aw University of Science and Technology, Poland<br \/>\nDomenico Talia, Universit\u00e0 della Calabria, Italy<br \/>\nFilippo Sciarrone, Universitas Mercatorum, Italy<br \/>\nGerard Murray, Franchise Cloud Solutions, Australia<br \/>\nGianni Costa, Icar-cnr, Italy<br \/>\nHoria-Nicolai Teodorescu, Technical University Of Iasi, Romania<br \/>\nIgor Kotenko, St. Petersburg Federal Research Center of the Russ, Russian Federation<br \/>\nIrina Mocanu, University Politehnica Of Bucharest, Romania<br \/>\nJorge Adolfo Ram\u00edrez Uresti, Tecnologico de Monterrey, Mexico<br \/>\nJose Molina Lopez, Universidad Carlos Iii De Madrid, Spain<br \/>\nJos\u00e9 Alfredo Ferreira Costa, Federal University, Ufrn, Brasil<br \/>\nKi Chan, Hong Kong University Of Science And Technology, Hong Kong<br \/>\nMarco Villani, University Of Modena And Reggio Emilia, Italy<br \/>\nMaricela Quintana, Centro Universitario UAEM Valle de M\u00e9xico, Mexico<br \/>\nMarius Silaghi, Florida Institute Of Technology, USA<br \/>\nMutlu Mete, TAMU-Commerce, USA<br \/>\nNicholas B\u00e9liz Osorio, Universidad Tecnol\u00f3gica de Panam\u00e1, Panam\u00e1<br \/>\nPanayiotis Bozanis, University Of Thessaly, Greece<br \/>\nPavel Osipov, Riga Technical University, Latvia<br \/>\nRafael Leon, Universidad Polit\u00e9cnica De Madrid, Spain<br \/>\nRiccardo Ortale, Icar-cnr, Italy<br \/>\nRobert Leskovar, University Of Maribor, Slovenia<br \/>\nSilvia Parusheva, University of Economics &#8211; Varna, Bulgaria<br \/>\nSung-Bae Cho, Yonsei University, South Korea<br \/>\nSviatoslav Braynov, University Of Illinois, USA<br \/>\nTibebe Beshah, Addis Ababa University, Ethiopia<br \/>\nTomonobu Ozaki, Nihon University, Japan<br \/>\nVictor Lopez, Universidad Tecnologica De Panama, Panama<br \/>\nVincent Hilaire, Universit\u00e9 De Technologie De Belfort-montbeliard, France<br \/>\nViorel Negru, West University of Timisoara, Romania<br \/>\nWiem Chebil, Monastir University, Tunisia<br \/>\nZahid Akhtar, State University of New York Polytechnic Institute, USA<\/p>\n<p>*committee members are being invited<\/p>\n","protected":false},"excerpt":{"rendered":"<p>Program Chair Ajith P. Abraham, Machine Intelligence Research Labs (MIR Labs), USA \u00a0 MCCSIS General Conference Co-Chairs Piet Kommers, University of Twente, The Netherlands Pedro Isaias, The University of New South Wales (UNSW \u2013 Sydney), Australia &nbsp; Committee Members* Adina Florea, University Politehnica of Bucharest, Romania Alessandro Giuliani, University of Cagliari, Italy Amine Chohra, Images <a class=\"more-link\" href=\"https:\/\/bigdaci.org\/oldconferences\/2023\/committees\/\">Continue reading <i class=\"fa fa-chevron-right\"><\/i><\/a><\/p>\n","protected":false},"author":1,"featured_media":0,"parent":0,"menu_order":0,"comment_status":"closed","ping_status":"closed","template":"","meta":{"footnotes":""},"_links":{"self":[{"href":"https:\/\/bigdaci.org\/oldconferences\/2023\/wp-json\/wp\/v2\/pages\/16"}],"collection":[{"href":"https:\/\/bigdaci.org\/oldconferences\/2023\/wp-json\/wp\/v2\/pages"}],"about":[{"href":"https:\/\/bigdaci.org\/oldconferences\/2023\/wp-json\/wp\/v2\/types\/page"}],"author":[{"embeddable":true,"href":"https:\/\/bigdaci.org\/oldconferences\/2023\/wp-json\/wp\/v2\/users\/1"}],"replies":[{"embeddable":true,"href":"https:\/\/bigdaci.org\/oldconferences\/2023\/wp-json\/wp\/v2\/comments?post=16"}],"version-history":[{"count":73,"href":"https:\/\/bigdaci.org\/oldconferences\/2023\/wp-json\/wp\/v2\/pages\/16\/revisions"}],"predecessor-version":[{"id":1660,"href":"https:\/\/bigdaci.org\/oldconferences\/2023\/wp-json\/wp\/v2\/pages\/16\/revisions\/1660"}],"wp:attachment":[{"href":"https:\/\/bigdaci.org\/oldconferences\/2023\/wp-json\/wp\/v2\/media?parent=16"}],"curies":[{"name":"wp","href":"https:\/\/api.w.org\/{rel}","templated":true}]}}